{"id":496,"date":"2023-04-12T08:51:20","date_gmt":"2023-04-12T08:51:20","guid":{"rendered":"http:\/\/localhost\/mrittik\/?page_id=496"},"modified":"2024-03-12T12:46:29","modified_gmt":"2024-03-12T11:46:29","slug":"projekti","status":"publish","type":"page","link":"https:\/\/www.gmtdesign.ba\/en\/projekti\/","title":{"rendered":"Projects"},"content":{"rendered":"<div data-elementor-type=\"wp-page\" data-elementor-id=\"496\" class=\"elementor elementor-496\">\n\t\t\t\t        <section class=\"elementor-section elementor-top-section elementor-element elementor-element-1468c5d elementor-section-boxed elementor-section-height-default elementor-section-height-default pxl-row-scroll-none pxl-show-grid-none pxl-section-bg-none pxl-section-grid-bg-false\" data-id=\"1468c5d\" data-element_type=\"section\" data-e-type=\"section\">\n\n                \n                <div class=\"elementor-container elementor-column-gap-default\">\n                <div class=\"elementor-column elementor-col-100 elementor-top-column elementor-element elementor-element-5e7ca90 pxl-column-none\" data-id=\"5e7ca90\" data-element_type=\"column\" data-e-type=\"column\">\r\n        <div class=\"elementor-widget-wrap elementor-element-populated\">\r\n                     \r\n        \t\t<div class=\"elementor-element elementor-element-ec02df1 pxl-post-layout-portfolio-3 elementor-widget elementor-widget-pxl_post_grid\" data-id=\"ec02df1\" data-element_type=\"widget\" data-e-type=\"widget\" data-widget_type=\"pxl_post_grid.default\">\n\t\t\t\t<div class=\"elementor-widget-container\">\n\t\t\t\t\t\n<div id=\"pxl_post_grid-ec02df1-2333\" class=\"pxl-grid pxl-portfolio-grid-layout3 style2\" data-layout=\"masonry\" data-start-page=\"1\" data-max-pages=\"2\" data-total=\"7\" data-perpage=\"6\" data-next-link=\"https:\/\/www.gmtdesign.ba\/en\/wp-json\/wp\/v2\/pages\/496\/page\/2\/\">\n            <div class=\"pxl-grid-filter pxl-grid-filter1\">\n            <div class=\"pxl-filter--inner\">\n                <span class=\"filter-item active\" data-filter=\"*\">ALL<\/span>\n                                                                            \n                    <span class=\"filter-item\" data-filter=\".nadzor-bs\">\n                        SUPERVISION                    <\/span>\n                                                                            \n                    <span class=\"filter-item\" data-filter=\".projektovanje-bs\">\n                        DESIGN                    <\/span>\n                            <\/div>\n            <div class=\"filter-marker\"><\/div>\n        <\/div>\n        <div class=\"pxl-grid-inner pxl-grid-masonry row\" data-gutter=\"15\">\n        <div class=\"grid-sizer col-xxl-12 col-xl-12 col-lg-12 col-md-12 col-sm-12 col-12\"><\/div>\n                    <div class=\"pxl-grid-item col-xxl-12 col-xl-12 col-lg-12 col-md-12 col-sm-12 col-12 nadzor-bs projektovanje-bs\">\n                <div class=\"pxl-item--inner\" data-wow-duration=\"1.2s\">\n                                            <div class=\"item--featured\">\n                            <a href=\"https:\/\/www.gmtdesign.ba\/en\/portfolio\/parking-u-ulici-nerkeza-smajlagica\/\">\n                                <img fetchpriority=\"high\" decoding=\"async\" class=\"no-lazyload\" src=\"https:\/\/www.gmtdesign.ba\/wp-content\/uploads\/2024\/03\/PARKING-U-ULICI-NERKEZA-SMAJLAGICA-4-1017x600.webp\" width=\"1017\" height=\"600\" alt=\"PARKING U ULICI NERKEZA SMAJLAGICA\" title=\"PARKING U ULICI NERKEZA SMAJLAGICA\" \/>                            <\/a>\n                        <\/div>\n                                        <div class=\"item--content\">\n                                                    <div class=\"item--tags\"><a href=\"https:\/\/www.gmtdesign.ba\/en\/portfolio-tag\/nadzor\/\" rel=\"tag\">Supervision<\/a>, <a href=\"https:\/\/www.gmtdesign.ba\/en\/portfolio-tag\/parking\/\" rel=\"tag\">Parking<\/a>, <a href=\"https:\/\/www.gmtdesign.ba\/en\/portfolio-tag\/projektovanje\/\" rel=\"tag\">Design<\/a><\/div>\n                                                <h4 class=\"item--title\"><a href=\"https:\/\/www.gmtdesign.ba\/en\/portfolio\/parking-u-ulici-nerkeza-smajlagica\/\">Parking in Nerkeza Smajlagi\u0107 Street<\/a><\/h4>\n                                                    <a class=\"item--button pxl-btn-line\" href=\"https:\/\/www.gmtdesign.ba\/en\/portfolio\/parking-u-ulici-nerkeza-smajlagica\/\">\n                                <span class=\"btn-text\">\n                                    DETAILS                                <\/span>\n                                <span class=\"btn-icon\">\n                                    <span class=\"line\"><\/span>\n                                    <span class=\"circle\"><\/span>\n                                    <span class=\"dot\"><\/span>\n                                <\/span>\n                            <\/a>\n                                            <\/div>\n                <\/div>\n            <\/div>\n                    <div class=\"pxl-grid-item col-xxl-12 col-xl-12 col-lg-12 col-md-12 col-sm-12 col-12 projektovanje-bs\">\n                <div class=\"pxl-item--inner\" data-wow-duration=\"1.2s\">\n                                            <div class=\"item--featured\">\n                            <a href=\"https:\/\/www.gmtdesign.ba\/en\/portfolio\/parking-sa-125-mjesta-na-alipasinom-polju\/\">\n                                <img decoding=\"async\" class=\"no-lazyload\" src=\"https:\/\/www.gmtdesign.ba\/wp-content\/uploads\/2024\/02\/Parking-Alipasino-Polje-GMT-Design-d.o.o.-Sarajevo-Izrada-tehnicke-dokumentacije-projektovanje-i-nadzor-3-1017x600.webp\" width=\"1017\" height=\"600\" alt=\"Parking Alipa\u0161ino Polje GMT Design d.o.o. Sarajevo Izrada tehnicke dokumentacije projektovanje i nadzor 3\" title=\"Parking Alipa\u0161ino Polje GMT Design d.o.o. Sarajevo Izrada tehnicke dokumentacije projektovanje i nadzor 3\" \/>                            <\/a>\n                        <\/div>\n                                        <div class=\"item--content\">\n                                                    <div class=\"item--tags\"><a href=\"https:\/\/www.gmtdesign.ba\/en\/portfolio-tag\/parking\/\" rel=\"tag\">Parking<\/a>, <a href=\"https:\/\/www.gmtdesign.ba\/en\/portfolio-tag\/projektovanje\/\" rel=\"tag\">Design<\/a><\/div>\n                                                <h4 class=\"item--title\"><a href=\"https:\/\/www.gmtdesign.ba\/en\/portfolio\/parking-sa-125-mjesta-na-alipasinom-polju\/\">Parking lot with 125 spaces in Alipa\u0161ina Polje<\/a><\/h4>\n                                                    <a class=\"item--button pxl-btn-line\" href=\"https:\/\/www.gmtdesign.ba\/en\/portfolio\/parking-sa-125-mjesta-na-alipasinom-polju\/\">\n                                <span class=\"btn-text\">\n                                    DETAILS                                <\/span>\n                                <span class=\"btn-icon\">\n                                    <span class=\"line\"><\/span>\n                                    <span class=\"circle\"><\/span>\n                                    <span class=\"dot\"><\/span>\n                                <\/span>\n                            <\/a>\n                                            <\/div>\n                <\/div>\n            <\/div>\n                    <div class=\"pxl-grid-item col-xxl-12 col-xl-12 col-lg-12 col-md-12 col-sm-12 col-12 nadzor-bs projektovanje-bs\">\n                <div class=\"pxl-item--inner\" data-wow-duration=\"1.2s\">\n                                            <div class=\"item--featured\">\n                            <a href=\"https:\/\/www.gmtdesign.ba\/en\/portfolio\/parking-u-naselju-dobrinja-a-ulica-branislava-nusica\/\">\n                                <img decoding=\"async\" class=\"no-lazyload\" src=\"https:\/\/www.gmtdesign.ba\/wp-content\/uploads\/2024\/02\/Parking-u-naselju-Dobrinja-A-Branislava-Nusica-1017x600.webp\" width=\"1017\" height=\"600\" alt=\"Parking u naselju Dobrinja A Branislava Nusica 2\" title=\"Parking u naselju Dobrinja A Branislava Nusica\" \/>                            <\/a>\n                        <\/div>\n                                        <div class=\"item--content\">\n                                                    <div class=\"item--tags\"><a href=\"https:\/\/www.gmtdesign.ba\/en\/portfolio-tag\/nadzor\/\" rel=\"tag\">Supervision<\/a>, <a href=\"https:\/\/www.gmtdesign.ba\/en\/portfolio-tag\/parking\/\" rel=\"tag\">Parking<\/a>, <a href=\"https:\/\/www.gmtdesign.ba\/en\/portfolio-tag\/projektovanje\/\" rel=\"tag\">Design<\/a><\/div>\n                                                <h4 class=\"item--title\"><a href=\"https:\/\/www.gmtdesign.ba\/en\/portfolio\/parking-u-naselju-dobrinja-a-ulica-branislava-nusica\/\">Parking in the Dobrinja A neighborhood, Branislava Nu\u0161i\u0107a street<\/a><\/h4>\n                                                    <a class=\"item--button pxl-btn-line\" href=\"https:\/\/www.gmtdesign.ba\/en\/portfolio\/parking-u-naselju-dobrinja-a-ulica-branislava-nusica\/\">\n                                <span class=\"btn-text\">\n                                    DETAILS                                <\/span>\n                                <span class=\"btn-icon\">\n                                    <span class=\"line\"><\/span>\n                                    <span class=\"circle\"><\/span>\n                                    <span class=\"dot\"><\/span>\n                                <\/span>\n                            <\/a>\n                                            <\/div>\n                <\/div>\n            <\/div>\n                    <div class=\"pxl-grid-item col-xxl-12 col-xl-12 col-lg-12 col-md-12 col-sm-12 col-12 nadzor-bs\">\n                <div class=\"pxl-item--inner\" data-wow-duration=\"1.2s\">\n                                            <div class=\"item--featured\">\n                            <a href=\"https:\/\/www.gmtdesign.ba\/en\/portfolio\/sanacija-asfaltnog-kolovoza-sulejmana-filipovica-u-mz-dobrinja-a\/\">\n                                <img loading=\"lazy\" decoding=\"async\" class=\"no-lazyload\" src=\"https:\/\/www.gmtdesign.ba\/wp-content\/uploads\/2024\/02\/Sanacija-ulice-Sulejmana-Filipovica-Dobrinja-a-4-1017x600.webp\" width=\"1017\" height=\"600\" alt=\"Sanacija ulice Sulejmana Filipovica, Dobrinja a 2\" title=\"Sanacija ulice Sulejmana Filipovica, Dobrinja a 4\" \/>                            <\/a>\n                        <\/div>\n                                        <div class=\"item--content\">\n                                                    <div class=\"item--tags\"><a href=\"https:\/\/www.gmtdesign.ba\/en\/portfolio-tag\/nadzor\/\" rel=\"tag\">Supervision<\/a>, <a href=\"https:\/\/www.gmtdesign.ba\/en\/portfolio-tag\/saobracajnica\/\" rel=\"tag\">Road<\/a><\/div>\n                                                <h4 class=\"item--title\"><a href=\"https:\/\/www.gmtdesign.ba\/en\/portfolio\/sanacija-asfaltnog-kolovoza-sulejmana-filipovica-u-mz-dobrinja-a\/\">Renovation of the Sulejman Filipovi\u0107 asphalt road in the Municipal Health Center \"Dobrinja A\"<\/a><\/h4>\n                                                    <a class=\"item--button pxl-btn-line\" href=\"https:\/\/www.gmtdesign.ba\/en\/portfolio\/sanacija-asfaltnog-kolovoza-sulejmana-filipovica-u-mz-dobrinja-a\/\">\n                                <span class=\"btn-text\">\n                                    DETAILS                                <\/span>\n                                <span class=\"btn-icon\">\n                                    <span class=\"line\"><\/span>\n                                    <span class=\"circle\"><\/span>\n                                    <span class=\"dot\"><\/span>\n                                <\/span>\n                            <\/a>\n                                            <\/div>\n                <\/div>\n            <\/div>\n                    <div class=\"pxl-grid-item col-xxl-12 col-xl-12 col-lg-12 col-md-12 col-sm-12 col-12 nadzor-bs\">\n                <div class=\"pxl-item--inner\" data-wow-duration=\"1.2s\">\n                                            <div class=\"item--featured\">\n                            <a href=\"https:\/\/www.gmtdesign.ba\/en\/portfolio\/parking-na-dobrinji-c-ulica-lava-tolstoja\/\">\n                                <img loading=\"lazy\" decoding=\"async\" class=\"no-lazyload\" src=\"https:\/\/www.gmtdesign.ba\/wp-content\/uploads\/2024\/02\/Parking-u-naselju-Dobrinja-C-ulica-Lava-Tolstoja-2-1017x600.webp\" width=\"1017\" height=\"600\" alt=\"Parking u naselju Dobrinja C ulica Lava Tolstoja 2\" title=\"Parking u naselju Dobrinja C ulica Lava Tolstoja 2\" \/>                            <\/a>\n                        <\/div>\n                                        <div class=\"item--content\">\n                                                    <div class=\"item--tags\"><a href=\"https:\/\/www.gmtdesign.ba\/en\/portfolio-tag\/nadzor\/\" rel=\"tag\">Supervision<\/a>, <a href=\"https:\/\/www.gmtdesign.ba\/en\/portfolio-tag\/parking\/\" rel=\"tag\">Parking<\/a>, <a href=\"https:\/\/www.gmtdesign.ba\/en\/portfolio-tag\/saobracajnica\/\" rel=\"tag\">Road<\/a><\/div>\n                                                <h4 class=\"item--title\"><a href=\"https:\/\/www.gmtdesign.ba\/en\/portfolio\/parking-na-dobrinji-c-ulica-lava-tolstoja\/\">Parking at Dobrinja C, Lava Tolstoja Street<\/a><\/h4>\n                                                    <a class=\"item--button pxl-btn-line\" href=\"https:\/\/www.gmtdesign.ba\/en\/portfolio\/parking-na-dobrinji-c-ulica-lava-tolstoja\/\">\n                                <span class=\"btn-text\">\n                                    DETAILS                                <\/span>\n                                <span class=\"btn-icon\">\n                                    <span class=\"line\"><\/span>\n                                    <span class=\"circle\"><\/span>\n                                    <span class=\"dot\"><\/span>\n                                <\/span>\n                            <\/a>\n                                            <\/div>\n                <\/div>\n            <\/div>\n                    <div class=\"pxl-grid-item col-xxl-12 col-xl-12 col-lg-12 col-md-12 col-sm-12 col-12 projektovanje-bs\">\n                <div class=\"pxl-item--inner\" data-wow-duration=\"1.2s\">\n                                            <div class=\"item--featured\">\n                            <a href=\"https:\/\/www.gmtdesign.ba\/en\/portfolio\/raskrsnica-na-a-transverzali-michael-schumacher\/\">\n                                <img loading=\"lazy\" decoding=\"async\" class=\"no-lazyload\" src=\"https:\/\/www.gmtdesign.ba\/wp-content\/uploads\/2024\/02\/raskrsnica-ulica-Hajrudina-Sabanije-Brace-Mulic-A-transverzala-GMT-Design-Projektovanje-i-nadzor-1017x600.webp\" width=\"1017\" height=\"600\" alt=\"raskrsnica ulica Hajrudina \u0160abanije, Bra\u0107e Muli\u0107, A transverzala GMT Design Projektovanje i nadzor 2\" title=\"raskrsnica ulica Hajrudina \u0160abanije, Bra\u0107e Muli\u0107, A transverzala GMT Design Projektovanje i nadzor\" \/>                            <\/a>\n                        <\/div>\n                                        <div class=\"item--content\">\n                                                    <div class=\"item--tags\"><a href=\"https:\/\/www.gmtdesign.ba\/en\/portfolio-tag\/projektovanje\/\" rel=\"tag\">Design<\/a>, <a href=\"https:\/\/www.gmtdesign.ba\/en\/portfolio-tag\/saobracajnica\/\" rel=\"tag\">Road<\/a><\/div>\n                                                <h4 class=\"item--title\"><a href=\"https:\/\/www.gmtdesign.ba\/en\/portfolio\/raskrsnica-na-a-transverzali-michael-schumacher\/\">Intersection on the A transversal \"Michael Schumacher\"<\/a><\/h4>\n                                                    <a class=\"item--button pxl-btn-line\" href=\"https:\/\/www.gmtdesign.ba\/en\/portfolio\/raskrsnica-na-a-transverzali-michael-schumacher\/\">\n                                <span class=\"btn-text\">\n                                    DETAILS                                <\/span>\n                                <span class=\"btn-icon\">\n                                    <span class=\"line\"><\/span>\n                                    <span class=\"circle\"><\/span>\n                                    <span class=\"dot\"><\/span>\n                                <\/span>\n                            <\/a>\n                                            <\/div>\n                <\/div>\n            <\/div>\n            <\/div>\n    <div class=\"pxl-grid-no-results\">No matching results.<\/div>\n            <div class=\"pxl-grid-pagination\" data-loadmore=\"{&quot;post_type&quot;:&quot;portfolio&quot;,&quot;layout&quot;:&quot;portfolio-3&quot;,&quot;layout_mode&quot;:&quot;masonry&quot;,&quot;startPage&quot;:1,&quot;maxPages&quot;:2,&quot;total&quot;:7,&quot;perpage&quot;:&quot;6&quot;,&quot;nextLink&quot;:&quot;https:\\\/\\\/www.gmtdesign.ba\\\/en\\\/wp-json\\\/wp\\\/v2\\\/pages\\\/496\\\/page\\\/2\\\/&quot;,&quot;source&quot;:&quot;&quot;,&quot;orderby&quot;:&quot;date&quot;,&quot;order&quot;:&quot;desc&quot;,&quot;limit&quot;:&quot;6&quot;,&quot;post_ids&quot;:[],&quot;col_xxl&quot;:12,&quot;col_xl&quot;:12,&quot;col_lg&quot;:12,&quot;col_md&quot;:12,&quot;col_sm&quot;:12,&quot;col_xs&quot;:12,&quot;pagination_type&quot;:&quot;pagination&quot;,&quot;show_tag&quot;:&quot;true&quot;,&quot;show_button&quot;:&quot;true&quot;,&quot;button_text&quot;:&quot;DETALJI&quot;,&quot;img_size&quot;:&quot;1017x600&quot;,&quot;grid_masonry&quot;:&quot;&quot;,&quot;pxl_animate&quot;:&quot;&quot;,&quot;tax&quot;:[&quot;portfolio-category&quot;,&quot;portfolio-category&quot;]}\" data-query=\"{&quot;post_type&quot;:&quot;portfolio&quot;,&quot;post_status&quot;:&quot;publish&quot;,&quot;posts_per_page&quot;:6,&quot;order&quot;:&quot;desc&quot;,&quot;orderby&quot;:&quot;date&quot;,&quot;tax_query&quot;:{&quot;relation&quot;:&quot;OR&quot;},&quot;post__not_in&quot;:[496]}\">\n                        <nav class=\"pxl-pagination-wrap ajax\">\n                <div class=\"pxl-pagination-links\">\n                    <span aria-current=\"page\" class=\"page-numbers current\">1<\/span>\n<a class=\"page-numbers\" href=\"#2\">2<\/a>\n<a class=\"next page-numbers\" href=\"#2\"><\/a>                <\/div>\n            <\/nav>\n                    <\/div>\n        <\/div>\t\t\t\t<\/div>\n\t\t\t\t<\/div>\n\t\t            <\/div>\r\n        <\/div>\r\n        \t\t\t<\/div>\n\t\t<\/section>\n\t\t\t\t<\/div>","protected":false},"excerpt":{"rendered":"<p>ALL PROJEKTOVANJE Parking, Pje\u0161ake staze, Projektovanje, Saobra\u0107ajnica Saobra\u0107ajnice, sa pje\u0161a\u010dkim stazama i parkingom kod SRC \u201eZlatno polje\u201c u Naselju Sokolje DETALJI Well decor house in Sydney DETALJI Huge large area Bedroom DETALJI Clean water in the swiming pool DETALJI Newyork golf club house DETALJI Pacific ave remodel DETALJI No matching results. 1 2<\/p>","protected":false},"author":1,"featured_media":0,"parent":0,"menu_order":0,"comment_status":"closed","ping_status":"closed","template":"","meta":{"footnotes":""},"class_list":["post-496","page","type-page","status-publish","hentry"],"_links":{"self":[{"href":"https:\/\/www.gmtdesign.ba\/en\/wp-json\/wp\/v2\/pages\/496","targetHints":{"allow":["GET"]}}],"collection":[{"href":"https:\/\/www.gmtdesign.ba\/en\/wp-json\/wp\/v2\/pages"}],"about":[{"href":"https:\/\/www.gmtdesign.ba\/en\/wp-json\/wp\/v2\/types\/page"}],"author":[{"embeddable":true,"href":"https:\/\/www.gmtdesign.ba\/en\/wp-json\/wp\/v2\/users\/1"}],"replies":[{"embeddable":true,"href":"https:\/\/www.gmtdesign.ba\/en\/wp-json\/wp\/v2\/comments?post=496"}],"version-history":[{"count":7,"href":"https:\/\/www.gmtdesign.ba\/en\/wp-json\/wp\/v2\/pages\/496\/revisions"}],"predecessor-version":[{"id":9592,"href":"https:\/\/www.gmtdesign.ba\/en\/wp-json\/wp\/v2\/pages\/496\/revisions\/9592"}],"wp:attachment":[{"href":"https:\/\/www.gmtdesign.ba\/en\/wp-json\/wp\/v2\/media?parent=496"}],"curies":[{"name":"wp","href":"https:\/\/api.w.org\/{rel}","templated":true}]}}